{"id":758,"date":"2020-09-25T15:48:44","date_gmt":"2020-09-25T15:48:44","guid":{"rendered":"http:\/\/klimper.cl\/?post_type=product&#038;p=758"},"modified":"2021-08-04T13:41:07","modified_gmt":"2021-08-04T13:41:07","slug":"cera-autobrillo-top-negra-5l","status":"publish","type":"product","link":"https:\/\/klimper.cl\/?product=cera-autobrillo-top-negra-5l","title":{"rendered":"Cera Autobrillo TOP Negra 5L"},"content":{"rendered":"<p>Marca: Klimper<br \/>\nEnvase: Bidon 5Lts<br \/>\nAspecto: L\u00edquido Negro<br \/>\nDuracion: 12 Meses en condiciones normales<br \/>\nAlmacenamiento: Mantener en un lugar seco y en envase bien sellado.<\/p>\n","protected":false},"excerpt":{"rendered":"<p>Producto autobrillante, formulado con una mezcla de acr\u00edlicos metalizados y emulsi\u00f3n acuosa de pol\u00edmeros. Proporciona un brillo de gran duraci\u00f3n.<br \/>\nEs resistentes a los detergentes, rayas y marcas de los zapatos, contiene aditivos antideslizante. Es f\u00e1cil de aplicar y tiene una excelente nivelaci\u00f3n.<br \/>\nPuede ser usado en todo tipo de pisos sint\u00e9ticos, tanto como sobre pisos de madera sellados.<br \/>\nRecomendados para usos sobre cer\u00e1micas, flexit, baldosas, piedra pizarra y concreto previamente sellado.<\/p>\n","protected":false},"featured_media":891,"template":"","meta":{"_joinchat":[]},"product_brand":[],"product_cat":[32],"product_tag":[],"class_list":{"0":"post-758","1":"product","2":"type-product","3":"status-publish","4":"has-post-thumbnail","6":"product_cat-pisos","8":"first","9":"instock","10":"shipping-taxable","11":"product-type-simple"},"_links":{"self":[{"href":"https:\/\/klimper.cl\/index.php?rest_route=\/wp\/v2\/product\/758","targetHints":{"allow":["GET"]}}],"collection":[{"href":"https:\/\/klimper.cl\/index.php?rest_route=\/wp\/v2\/product"}],"about":[{"href":"https:\/\/klimper.cl\/index.php?rest_route=\/wp\/v2\/types\/product"}],"wp:featuredmedia":[{"embeddable":true,"href":"https:\/\/klimper.cl\/index.php?rest_route=\/wp\/v2\/media\/891"}],"wp:attachment":[{"href":"https:\/\/klimper.cl\/index.php?rest_route=%2Fwp%2Fv2%2Fmedia&parent=758"}],"wp:term":[{"taxonomy":"product_brand","embeddable":true,"href":"https:\/\/klimper.cl\/index.php?rest_route=%2Fwp%2Fv2%2Fproduct_brand&post=758"},{"taxonomy":"product_cat","embeddable":true,"href":"https:\/\/klimper.cl\/index.php?rest_route=%2Fwp%2Fv2%2Fproduct_cat&post=758"},{"taxonomy":"product_tag","embeddable":true,"href":"https:\/\/klimper.cl\/index.php?rest_route=%2Fwp%2Fv2%2Fproduct_tag&post=758"}],"curies":[{"name":"wp","href":"https:\/\/api.w.org\/{rel}","templated":true}]}}