{"id":833,"date":"2021-03-10T16:09:22","date_gmt":"2021-03-10T16:09:22","guid":{"rendered":"http:\/\/klimper.cl\/?post_type=product&#038;p=833"},"modified":"2021-08-04T13:55:45","modified_gmt":"2021-08-04T13:55:45","slug":"cera-crema-pony-500-y-400-cc","status":"publish","type":"product","link":"https:\/\/klimper.cl\/?product=cera-crema-pony-500-y-400-cc","title":{"rendered":"Cera crema Gloria 500 y 400 cc"},"content":{"rendered":"<p>Marca: Gloria<br \/>Envase: Sachet PVC transparebte<br \/>Aspecto: Cremoso<br \/>Inflamabilidad: Si<br \/>Almacenamiento: 12 meses en condici\u00f3n normal<br \/>Rendimiento: 60 m cuadrados por litro<\/p>\r\n\r\n<p>&nbsp;<\/p>\r\n","protected":false},"excerpt":{"rendered":"<p>Cera de f\u00e1cil aplicaci\u00f3n y gran rendimiento, fortificada con carnauba y ceras sint\u00e9ticas. Contiene solventes que facilitan propiedades de secado r\u00e1pido. Otorga un excelente brillo en pisos de alto tr\u00e1fico. Proporciona un agradable aroma Formulada para pisos: Madera, flexit, baldosas, m\u00e1rmol, baldos\u00edn cer\u00e1mico. Color: Rojo, amarillo, incoloro y tierra color<\/p>\n","protected":false},"featured_media":896,"template":"","meta":{"_joinchat":[]},"product_brand":[],"product_cat":[32],"product_tag":[],"class_list":{"0":"post-833","1":"product","2":"type-product","3":"status-publish","4":"has-post-thumbnail","6":"product_cat-pisos","8":"first","9":"instock","10":"shipping-taxable","11":"product-type-simple"},"_links":{"self":[{"href":"https:\/\/klimper.cl\/index.php?rest_route=\/wp\/v2\/product\/833","targetHints":{"allow":["GET"]}}],"collection":[{"href":"https:\/\/klimper.cl\/index.php?rest_route=\/wp\/v2\/product"}],"about":[{"href":"https:\/\/klimper.cl\/index.php?rest_route=\/wp\/v2\/types\/product"}],"wp:featuredmedia":[{"embeddable":true,"href":"https:\/\/klimper.cl\/index.php?rest_route=\/wp\/v2\/media\/896"}],"wp:attachment":[{"href":"https:\/\/klimper.cl\/index.php?rest_route=%2Fwp%2Fv2%2Fmedia&parent=833"}],"wp:term":[{"taxonomy":"product_brand","embeddable":true,"href":"https:\/\/klimper.cl\/index.php?rest_route=%2Fwp%2Fv2%2Fproduct_brand&post=833"},{"taxonomy":"product_cat","embeddable":true,"href":"https:\/\/klimper.cl\/index.php?rest_route=%2Fwp%2Fv2%2Fproduct_cat&post=833"},{"taxonomy":"product_tag","embeddable":true,"href":"https:\/\/klimper.cl\/index.php?rest_route=%2Fwp%2Fv2%2Fproduct_tag&post=833"}],"curies":[{"name":"wp","href":"https:\/\/api.w.org\/{rel}","templated":true}]}}