{"id":838,"date":"2021-03-10T16:57:30","date_gmt":"2021-03-10T16:57:30","guid":{"rendered":"http:\/\/klimper.cl\/?post_type=product&#038;p=838"},"modified":"2023-04-20T13:15:23","modified_gmt":"2023-04-20T13:15:23","slug":"cera-pintura-roja-5l","status":"publish","type":"product","link":"https:\/\/klimper.cl\/?product=cera-pintura-roja-5l","title":{"rendered":"Cera Pintura Roja 5L"},"content":{"rendered":"<p>Marca: Gloria<br \/>Envase: Bid\u00f3n 5Lts<br \/>Aspecto: L\u00edquido Rojo<br \/>Duraci\u00f3n: 12 Meses en condiciones normales<br \/>Almacenamiento: Mantener en un lugar seco y en envase bien sellado.<\/p>\r\n\r\n<p>&nbsp;<\/p>\r\n","protected":false},"excerpt":{"rendered":"<p>Cera de f\u00e1cil aplicaci\u00f3n, no t\u00f3xica, antideslizante, especialmente para pintar pisos o recuperar el color de los pisos desgastados. Fortificada con pol\u00edmeros vinil acr\u00edlico. Proporciona color y brillo en pisos duros. Especialmente formulada para pisos de concreto, baldosas, baldos\u00edn u otro tipo de pisos duros.<\/p>\n","protected":false},"featured_media":849,"template":"","meta":{"_joinchat":[]},"product_brand":[],"product_cat":[32],"product_tag":[],"class_list":{"0":"post-838","1":"product","2":"type-product","3":"status-publish","4":"has-post-thumbnail","6":"product_cat-pisos","8":"first","9":"instock","10":"shipping-taxable","11":"product-type-simple"},"_links":{"self":[{"href":"https:\/\/klimper.cl\/index.php?rest_route=\/wp\/v2\/product\/838","targetHints":{"allow":["GET"]}}],"collection":[{"href":"https:\/\/klimper.cl\/index.php?rest_route=\/wp\/v2\/product"}],"about":[{"href":"https:\/\/klimper.cl\/index.php?rest_route=\/wp\/v2\/types\/product"}],"wp:featuredmedia":[{"embeddable":true,"href":"https:\/\/klimper.cl\/index.php?rest_route=\/wp\/v2\/media\/849"}],"wp:attachment":[{"href":"https:\/\/klimper.cl\/index.php?rest_route=%2Fwp%2Fv2%2Fmedia&parent=838"}],"wp:term":[{"taxonomy":"product_brand","embeddable":true,"href":"https:\/\/klimper.cl\/index.php?rest_route=%2Fwp%2Fv2%2Fproduct_brand&post=838"},{"taxonomy":"product_cat","embeddable":true,"href":"https:\/\/klimper.cl\/index.php?rest_route=%2Fwp%2Fv2%2Fproduct_cat&post=838"},{"taxonomy":"product_tag","embeddable":true,"href":"https:\/\/klimper.cl\/index.php?rest_route=%2Fwp%2Fv2%2Fproduct_tag&post=838"}],"curies":[{"name":"wp","href":"https:\/\/api.w.org\/{rel}","templated":true}]}}